{"id":28945,"date":"2026-02-09T11:34:03","date_gmt":"2026-02-09T14:34:03","guid":{"rendered":"https:\/\/eltunelcotillon.com\/minoristanew\/?post_type=product&#038;p=28945"},"modified":"2026-04-27T10:59:50","modified_gmt":"2026-04-27T13:59:50","slug":"globo-perlado-5-pulgadas-c-u","status":"publish","type":"product","link":"https:\/\/eltunelcotillon.com\/minorista\/product\/globo-perlado-5-pulgadas-c-u\/","title":{"rendered":"Globo perlado 5 pulgadas c\/u"},"content":{"rendered":"","protected":false},"excerpt":{"rendered":"","protected":false},"featured_media":29030,"template":"","meta":{"_acf_changed":false},"product_brand":[],"product_cat":[488],"product_tag":[],"class_list":{"0":"post-28945","1":"product","2":"type-product","3":"status-publish","4":"has-post-thumbnail","6":"product_cat-globos","8":"first","9":"instock","10":"shipping-taxable","11":"purchasable","12":"product-type-variable"},"acf":[],"yoast_head":"<!-- This site is optimized with the Yoast SEO plugin v27.0 - https:\/\/yoast.com\/product\/yoast-seo-wordpress\/ -->\n<title>Globo perlado 5 pulgadas c\/u - El T\u00fanel Cotill\u00f3n<\/title>\n<meta name=\"robots\" content=\"index, follow, max-snippet:-1, max-image-preview:large, max-video-preview:-1\" \/>\n<link rel=\"canonical\" href=\"https:\/\/eltunelcotillon.com\/minorista\/product\/globo-perlado-5-pulgadas-c-u\/\" \/>\n<meta property=\"og:locale\" content=\"es_ES\" \/>\n<meta property=\"og:type\" content=\"article\" \/>\n<meta property=\"og:title\" content=\"Globo perlado 5 pulgadas c\/u - El T\u00fanel Cotill\u00f3n\" \/>\n<meta property=\"og:url\" content=\"https:\/\/eltunelcotillon.com\/minorista\/product\/globo-perlado-5-pulgadas-c-u\/\" \/>\n<meta property=\"og:site_name\" content=\"El T\u00fanel Cotill\u00f3n\" \/>\n<meta property=\"article:publisher\" content=\"https:\/\/www.facebook.com\/cotilloneltunel\/\" \/>\n<meta property=\"article:modified_time\" content=\"2026-04-27T13:59:50+00:00\" \/>\n<meta property=\"og:image\" content=\"https:\/\/eltunelcotillon.com\/minorista\/wp-content\/uploads\/2026\/02\/815013d02a9fea9abecf34f4e77147099399438b5dba8f6e2c7e6365b3653ef33205.webp\" \/>\n\t<meta property=\"og:image:width\" content=\"600\" \/>\n\t<meta property=\"og:image:height\" content=\"600\" \/>\n\t<meta property=\"og:image:type\" content=\"image\/webp\" \/>\n<meta name=\"twitter:card\" content=\"summary_large_image\" \/>\n<script type=\"application\/ld+json\" class=\"yoast-schema-graph\">{\"@context\":\"https:\/\/schema.org\",\"@graph\":[{\"@type\":\"WebPage\",\"@id\":\"https:\/\/eltunelcotillon.com\/minorista\/product\/globo-perlado-5-pulgadas-c-u\/\",\"url\":\"https:\/\/eltunelcotillon.com\/minorista\/product\/globo-perlado-5-pulgadas-c-u\/\",\"name\":\"Globo perlado 5 pulgadas c\/u - El T\u00fanel Cotill\u00f3n\",\"isPartOf\":{\"@id\":\"https:\/\/eltunelcotillon.com\/minorista\/#website\"},\"primaryImageOfPage\":{\"@id\":\"https:\/\/eltunelcotillon.com\/minorista\/product\/globo-perlado-5-pulgadas-c-u\/#primaryimage\"},\"image\":{\"@id\":\"https:\/\/eltunelcotillon.com\/minorista\/product\/globo-perlado-5-pulgadas-c-u\/#primaryimage\"},\"thumbnailUrl\":\"https:\/\/eltunelcotillon.com\/minorista\/wp-content\/uploads\/2026\/02\/815013d02a9fea9abecf34f4e77147099399438b5dba8f6e2c7e6365b3653ef33205.webp\",\"datePublished\":\"2026-02-09T14:34:03+00:00\",\"dateModified\":\"2026-04-27T13:59:50+00:00\",\"breadcrumb\":{\"@id\":\"https:\/\/eltunelcotillon.com\/minorista\/product\/globo-perlado-5-pulgadas-c-u\/#breadcrumb\"},\"inLanguage\":\"es\",\"potentialAction\":[{\"@type\":\"ReadAction\",\"target\":[\"https:\/\/eltunelcotillon.com\/minorista\/product\/globo-perlado-5-pulgadas-c-u\/\"]}]},{\"@type\":\"ImageObject\",\"inLanguage\":\"es\",\"@id\":\"https:\/\/eltunelcotillon.com\/minorista\/product\/globo-perlado-5-pulgadas-c-u\/#primaryimage\",\"url\":\"https:\/\/eltunelcotillon.com\/minorista\/wp-content\/uploads\/2026\/02\/815013d02a9fea9abecf34f4e77147099399438b5dba8f6e2c7e6365b3653ef33205.webp\",\"contentUrl\":\"https:\/\/eltunelcotillon.com\/minorista\/wp-content\/uploads\/2026\/02\/815013d02a9fea9abecf34f4e77147099399438b5dba8f6e2c7e6365b3653ef33205.webp\",\"width\":600,\"height\":600},{\"@type\":\"BreadcrumbList\",\"@id\":\"https:\/\/eltunelcotillon.com\/minorista\/product\/globo-perlado-5-pulgadas-c-u\/#breadcrumb\",\"itemListElement\":[{\"@type\":\"ListItem\",\"position\":1,\"name\":\"Inicio\",\"item\":\"https:\/\/eltunelcotillon.com\/minorista\/\"},{\"@type\":\"ListItem\",\"position\":2,\"name\":\"Tienda\",\"item\":\"https:\/\/eltunelcotillon.com\/minorista\/tienda\/\"},{\"@type\":\"ListItem\",\"position\":3,\"name\":\"Globo perlado 5 pulgadas c\/u\"}]},{\"@type\":\"WebSite\",\"@id\":\"https:\/\/eltunelcotillon.com\/minorista\/#website\",\"url\":\"https:\/\/eltunelcotillon.com\/minorista\/\",\"name\":\"El T\u00fanel Cotill\u00f3n\",\"description\":\"Cotill\u00f3n, Reposter\u00eda, Espumas de Carnaval, Chocolater\u00eda | Ventas mayoristas y minoristas\",\"publisher\":{\"@id\":\"https:\/\/eltunelcotillon.com\/minorista\/#organization\"},\"potentialAction\":[{\"@type\":\"SearchAction\",\"target\":{\"@type\":\"EntryPoint\",\"urlTemplate\":\"https:\/\/eltunelcotillon.com\/minorista\/?s={search_term_string}\"},\"query-input\":{\"@type\":\"PropertyValueSpecification\",\"valueRequired\":true,\"valueName\":\"search_term_string\"}}],\"inLanguage\":\"es\"},{\"@type\":\"Organization\",\"@id\":\"https:\/\/eltunelcotillon.com\/minorista\/#organization\",\"name\":\"El T\u00fanel Cotill\u00f3n\",\"url\":\"https:\/\/eltunelcotillon.com\/minorista\/\",\"logo\":{\"@type\":\"ImageObject\",\"inLanguage\":\"es\",\"@id\":\"https:\/\/eltunelcotillon.com\/minorista\/#\/schema\/logo\/image\/\",\"url\":\"https:\/\/eltunelcotillon.com\/minorista\/wp-content\/uploads\/2026\/02\/el_t_nel_cotill_n_logo-1-e1768837235605.webp\",\"contentUrl\":\"https:\/\/eltunelcotillon.com\/minorista\/wp-content\/uploads\/2026\/02\/el_t_nel_cotill_n_logo-1-e1768837235605.webp\",\"width\":593,\"height\":383,\"caption\":\"El T\u00fanel Cotill\u00f3n\"},\"image\":{\"@id\":\"https:\/\/eltunelcotillon.com\/minorista\/#\/schema\/logo\/image\/\"},\"sameAs\":[\"https:\/\/www.facebook.com\/cotilloneltunel\/\",\"https:\/\/www.instagram.com\/cotilloneltunel1\/\"]}]}<\/script>\n<!-- \/ Yoast SEO plugin. -->","yoast_head_json":{"title":"Globo perlado 5 pulgadas c\/u - El T\u00fanel Cotill\u00f3n","robots":{"index":"index","follow":"follow","max-snippet":"max-snippet:-1","max-image-preview":"max-image-preview:large","max-video-preview":"max-video-preview:-1"},"canonical":"https:\/\/eltunelcotillon.com\/minorista\/product\/globo-perlado-5-pulgadas-c-u\/","og_locale":"es_ES","og_type":"article","og_title":"Globo perlado 5 pulgadas c\/u - El T\u00fanel Cotill\u00f3n","og_url":"https:\/\/eltunelcotillon.com\/minorista\/product\/globo-perlado-5-pulgadas-c-u\/","og_site_name":"El T\u00fanel Cotill\u00f3n","article_publisher":"https:\/\/www.facebook.com\/cotilloneltunel\/","article_modified_time":"2026-04-27T13:59:50+00:00","og_image":[{"width":600,"height":600,"url":"https:\/\/eltunelcotillon.com\/minorista\/wp-content\/uploads\/2026\/02\/815013d02a9fea9abecf34f4e77147099399438b5dba8f6e2c7e6365b3653ef33205.webp","type":"image\/webp"}],"twitter_card":"summary_large_image","schema":{"@context":"https:\/\/schema.org","@graph":[{"@type":"WebPage","@id":"https:\/\/eltunelcotillon.com\/minorista\/product\/globo-perlado-5-pulgadas-c-u\/","url":"https:\/\/eltunelcotillon.com\/minorista\/product\/globo-perlado-5-pulgadas-c-u\/","name":"Globo perlado 5 pulgadas c\/u - El T\u00fanel Cotill\u00f3n","isPartOf":{"@id":"https:\/\/eltunelcotillon.com\/minorista\/#website"},"primaryImageOfPage":{"@id":"https:\/\/eltunelcotillon.com\/minorista\/product\/globo-perlado-5-pulgadas-c-u\/#primaryimage"},"image":{"@id":"https:\/\/eltunelcotillon.com\/minorista\/product\/globo-perlado-5-pulgadas-c-u\/#primaryimage"},"thumbnailUrl":"https:\/\/eltunelcotillon.com\/minorista\/wp-content\/uploads\/2026\/02\/815013d02a9fea9abecf34f4e77147099399438b5dba8f6e2c7e6365b3653ef33205.webp","datePublished":"2026-02-09T14:34:03+00:00","dateModified":"2026-04-27T13:59:50+00:00","breadcrumb":{"@id":"https:\/\/eltunelcotillon.com\/minorista\/product\/globo-perlado-5-pulgadas-c-u\/#breadcrumb"},"inLanguage":"es","potentialAction":[{"@type":"ReadAction","target":["https:\/\/eltunelcotillon.com\/minorista\/product\/globo-perlado-5-pulgadas-c-u\/"]}]},{"@type":"ImageObject","inLanguage":"es","@id":"https:\/\/eltunelcotillon.com\/minorista\/product\/globo-perlado-5-pulgadas-c-u\/#primaryimage","url":"https:\/\/eltunelcotillon.com\/minorista\/wp-content\/uploads\/2026\/02\/815013d02a9fea9abecf34f4e77147099399438b5dba8f6e2c7e6365b3653ef33205.webp","contentUrl":"https:\/\/eltunelcotillon.com\/minorista\/wp-content\/uploads\/2026\/02\/815013d02a9fea9abecf34f4e77147099399438b5dba8f6e2c7e6365b3653ef33205.webp","width":600,"height":600},{"@type":"BreadcrumbList","@id":"https:\/\/eltunelcotillon.com\/minorista\/product\/globo-perlado-5-pulgadas-c-u\/#breadcrumb","itemListElement":[{"@type":"ListItem","position":1,"name":"Inicio","item":"https:\/\/eltunelcotillon.com\/minorista\/"},{"@type":"ListItem","position":2,"name":"Tienda","item":"https:\/\/eltunelcotillon.com\/minorista\/tienda\/"},{"@type":"ListItem","position":3,"name":"Globo perlado 5 pulgadas c\/u"}]},{"@type":"WebSite","@id":"https:\/\/eltunelcotillon.com\/minorista\/#website","url":"https:\/\/eltunelcotillon.com\/minorista\/","name":"El T\u00fanel Cotill\u00f3n","description":"Cotill\u00f3n, Reposter\u00eda, Espumas de Carnaval, Chocolater\u00eda | Ventas mayoristas y minoristas","publisher":{"@id":"https:\/\/eltunelcotillon.com\/minorista\/#organization"},"potentialAction":[{"@type":"SearchAction","target":{"@type":"EntryPoint","urlTemplate":"https:\/\/eltunelcotillon.com\/minorista\/?s={search_term_string}"},"query-input":{"@type":"PropertyValueSpecification","valueRequired":true,"valueName":"search_term_string"}}],"inLanguage":"es"},{"@type":"Organization","@id":"https:\/\/eltunelcotillon.com\/minorista\/#organization","name":"El T\u00fanel Cotill\u00f3n","url":"https:\/\/eltunelcotillon.com\/minorista\/","logo":{"@type":"ImageObject","inLanguage":"es","@id":"https:\/\/eltunelcotillon.com\/minorista\/#\/schema\/logo\/image\/","url":"https:\/\/eltunelcotillon.com\/minorista\/wp-content\/uploads\/2026\/02\/el_t_nel_cotill_n_logo-1-e1768837235605.webp","contentUrl":"https:\/\/eltunelcotillon.com\/minorista\/wp-content\/uploads\/2026\/02\/el_t_nel_cotill_n_logo-1-e1768837235605.webp","width":593,"height":383,"caption":"El T\u00fanel Cotill\u00f3n"},"image":{"@id":"https:\/\/eltunelcotillon.com\/minorista\/#\/schema\/logo\/image\/"},"sameAs":["https:\/\/www.facebook.com\/cotilloneltunel\/","https:\/\/www.instagram.com\/cotilloneltunel1\/"]}]}},"_links":{"self":[{"href":"https:\/\/eltunelcotillon.com\/minorista\/wp-json\/wp\/v2\/product\/28945","targetHints":{"allow":["GET"]}}],"collection":[{"href":"https:\/\/eltunelcotillon.com\/minorista\/wp-json\/wp\/v2\/product"}],"about":[{"href":"https:\/\/eltunelcotillon.com\/minorista\/wp-json\/wp\/v2\/types\/product"}],"wp:featuredmedia":[{"embeddable":true,"href":"https:\/\/eltunelcotillon.com\/minorista\/wp-json\/wp\/v2\/media\/29030"}],"wp:attachment":[{"href":"https:\/\/eltunelcotillon.com\/minorista\/wp-json\/wp\/v2\/media?parent=28945"}],"wp:term":[{"taxonomy":"product_brand","embeddable":true,"href":"https:\/\/eltunelcotillon.com\/minorista\/wp-json\/wp\/v2\/product_brand?post=28945"},{"taxonomy":"product_cat","embeddable":true,"href":"https:\/\/eltunelcotillon.com\/minorista\/wp-json\/wp\/v2\/product_cat?post=28945"},{"taxonomy":"product_tag","embeddable":true,"href":"https:\/\/eltunelcotillon.com\/minorista\/wp-json\/wp\/v2\/product_tag?post=28945"}],"curies":[{"name":"wp","href":"https:\/\/api.w.org\/{rel}","templated":true}]}}