{"id":29192,"date":"2026-02-09T11:45:05","date_gmt":"2026-02-09T14:45:05","guid":{"rendered":"https:\/\/eltunelcotillon.com\/minoristanew\/?post_type=product&#038;p=29192"},"modified":"2026-04-27T11:02:19","modified_gmt":"2026-04-27T14:02:19","slug":"sombrero-cowboy-simil-cuero","status":"publish","type":"product","link":"https:\/\/eltunelcotillon.com\/minorista\/product\/sombrero-cowboy-simil-cuero\/","title":{"rendered":"Sombrero cowboy simil cuero"},"content":{"rendered":"<p>Sombrero cowboy vaquero cuero.<\/p>\n<p>Colores: Blanco, negro, marr\u00f3n oscuro, marr\u00f3n claro, chocolate, rosado.<\/p>\n","protected":false},"excerpt":{"rendered":"<p>Sombrero cowboy vaquero cuero. Colores: Blanco, negro, marr\u00f3n oscuro, marr\u00f3n claro, chocolate, rosado.<\/p>\n","protected":false},"featured_media":29263,"template":"","meta":{"_acf_changed":false},"product_brand":[],"product_cat":[482,524],"product_tag":[],"class_list":{"0":"post-29192","1":"product","2":"type-product","3":"status-publish","4":"has-post-thumbnail","6":"product_cat-cotillon","7":"product_cat-gorros-y-sombreros","9":"first","10":"instock","11":"featured","12":"shipping-taxable","13":"purchasable","14":"product-type-variable"},"acf":[],"yoast_head":"<!-- This site is optimized with the Yoast SEO plugin v27.0 - https:\/\/yoast.com\/product\/yoast-seo-wordpress\/ -->\n<title>Sombrero cowboy simil cuero - El T\u00fanel Cotill\u00f3n<\/title>\n<meta name=\"robots\" content=\"index, follow, max-snippet:-1, max-image-preview:large, max-video-preview:-1\" \/>\n<link rel=\"canonical\" href=\"https:\/\/eltunelcotillon.com\/minorista\/product\/sombrero-cowboy-simil-cuero\/\" \/>\n<meta property=\"og:locale\" content=\"es_ES\" \/>\n<meta property=\"og:type\" content=\"article\" \/>\n<meta property=\"og:title\" content=\"Sombrero cowboy simil cuero - El T\u00fanel Cotill\u00f3n\" \/>\n<meta property=\"og:description\" content=\"Sombrero cowboy vaquero cuero. Colores: Blanco, negro, marr\u00f3n oscuro, marr\u00f3n claro, chocolate, rosado.\" \/>\n<meta property=\"og:url\" content=\"https:\/\/eltunelcotillon.com\/minorista\/product\/sombrero-cowboy-simil-cuero\/\" \/>\n<meta property=\"og:site_name\" content=\"El T\u00fanel Cotill\u00f3n\" \/>\n<meta property=\"article:publisher\" content=\"https:\/\/www.facebook.com\/cotilloneltunel\/\" \/>\n<meta property=\"article:modified_time\" content=\"2026-04-27T14:02:19+00:00\" \/>\n<meta property=\"og:image\" content=\"https:\/\/eltunelcotillon.com\/minorista\/wp-content\/uploads\/2026\/02\/Captura-de-pantalla-2025-09-03-102827.png\" \/>\n\t<meta property=\"og:image:width\" content=\"393\" \/>\n\t<meta property=\"og:image:height\" content=\"281\" \/>\n\t<meta property=\"og:image:type\" content=\"image\/png\" \/>\n<meta name=\"twitter:card\" content=\"summary_large_image\" \/>\n<script type=\"application\/ld+json\" class=\"yoast-schema-graph\">{\"@context\":\"https:\/\/schema.org\",\"@graph\":[{\"@type\":\"WebPage\",\"@id\":\"https:\/\/eltunelcotillon.com\/minorista\/product\/sombrero-cowboy-simil-cuero\/\",\"url\":\"https:\/\/eltunelcotillon.com\/minorista\/product\/sombrero-cowboy-simil-cuero\/\",\"name\":\"Sombrero cowboy simil cuero - El T\u00fanel Cotill\u00f3n\",\"isPartOf\":{\"@id\":\"https:\/\/eltunelcotillon.com\/minorista\/#website\"},\"primaryImageOfPage\":{\"@id\":\"https:\/\/eltunelcotillon.com\/minorista\/product\/sombrero-cowboy-simil-cuero\/#primaryimage\"},\"image\":{\"@id\":\"https:\/\/eltunelcotillon.com\/minorista\/product\/sombrero-cowboy-simil-cuero\/#primaryimage\"},\"thumbnailUrl\":\"https:\/\/eltunelcotillon.com\/minorista\/wp-content\/uploads\/2026\/02\/Captura-de-pantalla-2025-09-03-102827.png\",\"datePublished\":\"2026-02-09T14:45:05+00:00\",\"dateModified\":\"2026-04-27T14:02:19+00:00\",\"breadcrumb\":{\"@id\":\"https:\/\/eltunelcotillon.com\/minorista\/product\/sombrero-cowboy-simil-cuero\/#breadcrumb\"},\"inLanguage\":\"es\",\"potentialAction\":[{\"@type\":\"ReadAction\",\"target\":[\"https:\/\/eltunelcotillon.com\/minorista\/product\/sombrero-cowboy-simil-cuero\/\"]}]},{\"@type\":\"ImageObject\",\"inLanguage\":\"es\",\"@id\":\"https:\/\/eltunelcotillon.com\/minorista\/product\/sombrero-cowboy-simil-cuero\/#primaryimage\",\"url\":\"https:\/\/eltunelcotillon.com\/minorista\/wp-content\/uploads\/2026\/02\/Captura-de-pantalla-2025-09-03-102827.png\",\"contentUrl\":\"https:\/\/eltunelcotillon.com\/minorista\/wp-content\/uploads\/2026\/02\/Captura-de-pantalla-2025-09-03-102827.png\",\"width\":393,\"height\":281},{\"@type\":\"BreadcrumbList\",\"@id\":\"https:\/\/eltunelcotillon.com\/minorista\/product\/sombrero-cowboy-simil-cuero\/#breadcrumb\",\"itemListElement\":[{\"@type\":\"ListItem\",\"position\":1,\"name\":\"Inicio\",\"item\":\"https:\/\/eltunelcotillon.com\/minorista\/\"},{\"@type\":\"ListItem\",\"position\":2,\"name\":\"Tienda\",\"item\":\"https:\/\/eltunelcotillon.com\/minorista\/tienda\/\"},{\"@type\":\"ListItem\",\"position\":3,\"name\":\"Sombrero cowboy simil cuero\"}]},{\"@type\":\"WebSite\",\"@id\":\"https:\/\/eltunelcotillon.com\/minorista\/#website\",\"url\":\"https:\/\/eltunelcotillon.com\/minorista\/\",\"name\":\"El T\u00fanel Cotill\u00f3n\",\"description\":\"Cotill\u00f3n, Reposter\u00eda, Espumas de Carnaval, Chocolater\u00eda | Ventas mayoristas y minoristas\",\"publisher\":{\"@id\":\"https:\/\/eltunelcotillon.com\/minorista\/#organization\"},\"potentialAction\":[{\"@type\":\"SearchAction\",\"target\":{\"@type\":\"EntryPoint\",\"urlTemplate\":\"https:\/\/eltunelcotillon.com\/minorista\/?s={search_term_string}\"},\"query-input\":{\"@type\":\"PropertyValueSpecification\",\"valueRequired\":true,\"valueName\":\"search_term_string\"}}],\"inLanguage\":\"es\"},{\"@type\":\"Organization\",\"@id\":\"https:\/\/eltunelcotillon.com\/minorista\/#organization\",\"name\":\"El T\u00fanel Cotill\u00f3n\",\"url\":\"https:\/\/eltunelcotillon.com\/minorista\/\",\"logo\":{\"@type\":\"ImageObject\",\"inLanguage\":\"es\",\"@id\":\"https:\/\/eltunelcotillon.com\/minorista\/#\/schema\/logo\/image\/\",\"url\":\"https:\/\/eltunelcotillon.com\/minorista\/wp-content\/uploads\/2026\/02\/el_t_nel_cotill_n_logo-1-e1768837235605.webp\",\"contentUrl\":\"https:\/\/eltunelcotillon.com\/minorista\/wp-content\/uploads\/2026\/02\/el_t_nel_cotill_n_logo-1-e1768837235605.webp\",\"width\":593,\"height\":383,\"caption\":\"El T\u00fanel Cotill\u00f3n\"},\"image\":{\"@id\":\"https:\/\/eltunelcotillon.com\/minorista\/#\/schema\/logo\/image\/\"},\"sameAs\":[\"https:\/\/www.facebook.com\/cotilloneltunel\/\",\"https:\/\/www.instagram.com\/cotilloneltunel1\/\"]}]}<\/script>\n<!-- \/ Yoast SEO plugin. -->","yoast_head_json":{"title":"Sombrero cowboy simil cuero - El T\u00fanel Cotill\u00f3n","robots":{"index":"index","follow":"follow","max-snippet":"max-snippet:-1","max-image-preview":"max-image-preview:large","max-video-preview":"max-video-preview:-1"},"canonical":"https:\/\/eltunelcotillon.com\/minorista\/product\/sombrero-cowboy-simil-cuero\/","og_locale":"es_ES","og_type":"article","og_title":"Sombrero cowboy simil cuero - El T\u00fanel Cotill\u00f3n","og_description":"Sombrero cowboy vaquero cuero. Colores: Blanco, negro, marr\u00f3n oscuro, marr\u00f3n claro, chocolate, rosado.","og_url":"https:\/\/eltunelcotillon.com\/minorista\/product\/sombrero-cowboy-simil-cuero\/","og_site_name":"El T\u00fanel Cotill\u00f3n","article_publisher":"https:\/\/www.facebook.com\/cotilloneltunel\/","article_modified_time":"2026-04-27T14:02:19+00:00","og_image":[{"width":393,"height":281,"url":"https:\/\/eltunelcotillon.com\/minorista\/wp-content\/uploads\/2026\/02\/Captura-de-pantalla-2025-09-03-102827.png","type":"image\/png"}],"twitter_card":"summary_large_image","schema":{"@context":"https:\/\/schema.org","@graph":[{"@type":"WebPage","@id":"https:\/\/eltunelcotillon.com\/minorista\/product\/sombrero-cowboy-simil-cuero\/","url":"https:\/\/eltunelcotillon.com\/minorista\/product\/sombrero-cowboy-simil-cuero\/","name":"Sombrero cowboy simil cuero - El T\u00fanel Cotill\u00f3n","isPartOf":{"@id":"https:\/\/eltunelcotillon.com\/minorista\/#website"},"primaryImageOfPage":{"@id":"https:\/\/eltunelcotillon.com\/minorista\/product\/sombrero-cowboy-simil-cuero\/#primaryimage"},"image":{"@id":"https:\/\/eltunelcotillon.com\/minorista\/product\/sombrero-cowboy-simil-cuero\/#primaryimage"},"thumbnailUrl":"https:\/\/eltunelcotillon.com\/minorista\/wp-content\/uploads\/2026\/02\/Captura-de-pantalla-2025-09-03-102827.png","datePublished":"2026-02-09T14:45:05+00:00","dateModified":"2026-04-27T14:02:19+00:00","breadcrumb":{"@id":"https:\/\/eltunelcotillon.com\/minorista\/product\/sombrero-cowboy-simil-cuero\/#breadcrumb"},"inLanguage":"es","potentialAction":[{"@type":"ReadAction","target":["https:\/\/eltunelcotillon.com\/minorista\/product\/sombrero-cowboy-simil-cuero\/"]}]},{"@type":"ImageObject","inLanguage":"es","@id":"https:\/\/eltunelcotillon.com\/minorista\/product\/sombrero-cowboy-simil-cuero\/#primaryimage","url":"https:\/\/eltunelcotillon.com\/minorista\/wp-content\/uploads\/2026\/02\/Captura-de-pantalla-2025-09-03-102827.png","contentUrl":"https:\/\/eltunelcotillon.com\/minorista\/wp-content\/uploads\/2026\/02\/Captura-de-pantalla-2025-09-03-102827.png","width":393,"height":281},{"@type":"BreadcrumbList","@id":"https:\/\/eltunelcotillon.com\/minorista\/product\/sombrero-cowboy-simil-cuero\/#breadcrumb","itemListElement":[{"@type":"ListItem","position":1,"name":"Inicio","item":"https:\/\/eltunelcotillon.com\/minorista\/"},{"@type":"ListItem","position":2,"name":"Tienda","item":"https:\/\/eltunelcotillon.com\/minorista\/tienda\/"},{"@type":"ListItem","position":3,"name":"Sombrero cowboy simil cuero"}]},{"@type":"WebSite","@id":"https:\/\/eltunelcotillon.com\/minorista\/#website","url":"https:\/\/eltunelcotillon.com\/minorista\/","name":"El T\u00fanel Cotill\u00f3n","description":"Cotill\u00f3n, Reposter\u00eda, Espumas de Carnaval, Chocolater\u00eda | Ventas mayoristas y minoristas","publisher":{"@id":"https:\/\/eltunelcotillon.com\/minorista\/#organization"},"potentialAction":[{"@type":"SearchAction","target":{"@type":"EntryPoint","urlTemplate":"https:\/\/eltunelcotillon.com\/minorista\/?s={search_term_string}"},"query-input":{"@type":"PropertyValueSpecification","valueRequired":true,"valueName":"search_term_string"}}],"inLanguage":"es"},{"@type":"Organization","@id":"https:\/\/eltunelcotillon.com\/minorista\/#organization","name":"El T\u00fanel Cotill\u00f3n","url":"https:\/\/eltunelcotillon.com\/minorista\/","logo":{"@type":"ImageObject","inLanguage":"es","@id":"https:\/\/eltunelcotillon.com\/minorista\/#\/schema\/logo\/image\/","url":"https:\/\/eltunelcotillon.com\/minorista\/wp-content\/uploads\/2026\/02\/el_t_nel_cotill_n_logo-1-e1768837235605.webp","contentUrl":"https:\/\/eltunelcotillon.com\/minorista\/wp-content\/uploads\/2026\/02\/el_t_nel_cotill_n_logo-1-e1768837235605.webp","width":593,"height":383,"caption":"El T\u00fanel Cotill\u00f3n"},"image":{"@id":"https:\/\/eltunelcotillon.com\/minorista\/#\/schema\/logo\/image\/"},"sameAs":["https:\/\/www.facebook.com\/cotilloneltunel\/","https:\/\/www.instagram.com\/cotilloneltunel1\/"]}]}},"_links":{"self":[{"href":"https:\/\/eltunelcotillon.com\/minorista\/wp-json\/wp\/v2\/product\/29192","targetHints":{"allow":["GET"]}}],"collection":[{"href":"https:\/\/eltunelcotillon.com\/minorista\/wp-json\/wp\/v2\/product"}],"about":[{"href":"https:\/\/eltunelcotillon.com\/minorista\/wp-json\/wp\/v2\/types\/product"}],"wp:featuredmedia":[{"embeddable":true,"href":"https:\/\/eltunelcotillon.com\/minorista\/wp-json\/wp\/v2\/media\/29263"}],"wp:attachment":[{"href":"https:\/\/eltunelcotillon.com\/minorista\/wp-json\/wp\/v2\/media?parent=29192"}],"wp:term":[{"taxonomy":"product_brand","embeddable":true,"href":"https:\/\/eltunelcotillon.com\/minorista\/wp-json\/wp\/v2\/product_brand?post=29192"},{"taxonomy":"product_cat","embeddable":true,"href":"https:\/\/eltunelcotillon.com\/minorista\/wp-json\/wp\/v2\/product_cat?post=29192"},{"taxonomy":"product_tag","embeddable":true,"href":"https:\/\/eltunelcotillon.com\/minorista\/wp-json\/wp\/v2\/product_tag?post=29192"}],"curies":[{"name":"wp","href":"https:\/\/api.w.org\/{rel}","templated":true}]}}