{"id":36525,"date":"2026-02-09T15:16:40","date_gmt":"2026-02-09T18:16:40","guid":{"rendered":"https:\/\/eltunelcotillon.com\/minoristanew\/?post_type=product&#038;p=36525"},"modified":"2026-04-27T11:03:28","modified_gmt":"2026-04-27T14:03:28","slug":"cajita-unicornio-x10","status":"publish","type":"product","link":"https:\/\/eltunelcotillon.com\/minorista\/product\/cajita-unicornio-x10\/","title":{"rendered":"Cajita unicornio x10"},"content":{"rendered":"","protected":false},"excerpt":{"rendered":"","protected":false},"featured_media":36563,"template":"","meta":{"_acf_changed":false},"product_brand":[],"product_cat":[497],"product_tag":[317,208,210,265],"class_list":{"0":"post-36525","1":"product","2":"type-product","3":"status-publish","4":"has-post-thumbnail","6":"product_cat-lineas-infantiles","7":"product_tag-317","8":"product_tag-cumpleanos","9":"product_tag-decoracion","10":"product_tag-festejo","12":"first","13":"instock","14":"shipping-taxable","15":"purchasable","16":"product-type-simple"},"acf":[],"yoast_head":"<!-- This site is optimized with the Yoast SEO plugin v27.0 - https:\/\/yoast.com\/product\/yoast-seo-wordpress\/ -->\n<title>Cajita unicornio x10 - El T\u00fanel Cotill\u00f3n<\/title>\n<meta name=\"robots\" content=\"index, follow, max-snippet:-1, max-image-preview:large, max-video-preview:-1\" \/>\n<link rel=\"canonical\" href=\"https:\/\/eltunelcotillon.com\/minorista\/product\/cajita-unicornio-x10\/\" \/>\n<meta property=\"og:locale\" content=\"es_ES\" \/>\n<meta property=\"og:type\" content=\"article\" \/>\n<meta property=\"og:title\" content=\"Cajita unicornio x10 - El T\u00fanel Cotill\u00f3n\" \/>\n<meta property=\"og:url\" content=\"https:\/\/eltunelcotillon.com\/minorista\/product\/cajita-unicornio-x10\/\" \/>\n<meta property=\"og:site_name\" content=\"El T\u00fanel Cotill\u00f3n\" \/>\n<meta property=\"article:publisher\" content=\"https:\/\/www.facebook.com\/cotilloneltunel\/\" \/>\n<meta property=\"article:modified_time\" content=\"2026-04-27T14:03:28+00:00\" \/>\n<meta property=\"og:image\" content=\"https:\/\/eltunelcotillon.com\/minorista\/wp-content\/uploads\/2026\/02\/CAJITA-UNICORNIO.jpeg\" \/>\n\t<meta property=\"og:image:width\" content=\"580\" \/>\n\t<meta property=\"og:image:height\" content=\"580\" \/>\n\t<meta property=\"og:image:type\" content=\"image\/jpeg\" \/>\n<meta name=\"twitter:card\" content=\"summary_large_image\" \/>\n<script type=\"application\/ld+json\" class=\"yoast-schema-graph\">{\"@context\":\"https:\/\/schema.org\",\"@graph\":[{\"@type\":\"WebPage\",\"@id\":\"https:\/\/eltunelcotillon.com\/minorista\/product\/cajita-unicornio-x10\/\",\"url\":\"https:\/\/eltunelcotillon.com\/minorista\/product\/cajita-unicornio-x10\/\",\"name\":\"Cajita unicornio x10 - El T\u00fanel Cotill\u00f3n\",\"isPartOf\":{\"@id\":\"https:\/\/eltunelcotillon.com\/minorista\/#website\"},\"primaryImageOfPage\":{\"@id\":\"https:\/\/eltunelcotillon.com\/minorista\/product\/cajita-unicornio-x10\/#primaryimage\"},\"image\":{\"@id\":\"https:\/\/eltunelcotillon.com\/minorista\/product\/cajita-unicornio-x10\/#primaryimage\"},\"thumbnailUrl\":\"https:\/\/eltunelcotillon.com\/minorista\/wp-content\/uploads\/2026\/02\/CAJITA-UNICORNIO.jpeg\",\"datePublished\":\"2026-02-09T18:16:40+00:00\",\"dateModified\":\"2026-04-27T14:03:28+00:00\",\"breadcrumb\":{\"@id\":\"https:\/\/eltunelcotillon.com\/minorista\/product\/cajita-unicornio-x10\/#breadcrumb\"},\"inLanguage\":\"es\",\"potentialAction\":[{\"@type\":\"ReadAction\",\"target\":[\"https:\/\/eltunelcotillon.com\/minorista\/product\/cajita-unicornio-x10\/\"]}]},{\"@type\":\"ImageObject\",\"inLanguage\":\"es\",\"@id\":\"https:\/\/eltunelcotillon.com\/minorista\/product\/cajita-unicornio-x10\/#primaryimage\",\"url\":\"https:\/\/eltunelcotillon.com\/minorista\/wp-content\/uploads\/2026\/02\/CAJITA-UNICORNIO.jpeg\",\"contentUrl\":\"https:\/\/eltunelcotillon.com\/minorista\/wp-content\/uploads\/2026\/02\/CAJITA-UNICORNIO.jpeg\",\"width\":580,\"height\":580},{\"@type\":\"BreadcrumbList\",\"@id\":\"https:\/\/eltunelcotillon.com\/minorista\/product\/cajita-unicornio-x10\/#breadcrumb\",\"itemListElement\":[{\"@type\":\"ListItem\",\"position\":1,\"name\":\"Inicio\",\"item\":\"https:\/\/eltunelcotillon.com\/minorista\/\"},{\"@type\":\"ListItem\",\"position\":2,\"name\":\"Tienda\",\"item\":\"https:\/\/eltunelcotillon.com\/minorista\/tienda\/\"},{\"@type\":\"ListItem\",\"position\":3,\"name\":\"Cajita unicornio x10\"}]},{\"@type\":\"WebSite\",\"@id\":\"https:\/\/eltunelcotillon.com\/minorista\/#website\",\"url\":\"https:\/\/eltunelcotillon.com\/minorista\/\",\"name\":\"El T\u00fanel Cotill\u00f3n\",\"description\":\"Cotill\u00f3n, Reposter\u00eda, Espumas de Carnaval, Chocolater\u00eda | Ventas mayoristas y minoristas\",\"publisher\":{\"@id\":\"https:\/\/eltunelcotillon.com\/minorista\/#organization\"},\"potentialAction\":[{\"@type\":\"SearchAction\",\"target\":{\"@type\":\"EntryPoint\",\"urlTemplate\":\"https:\/\/eltunelcotillon.com\/minorista\/?s={search_term_string}\"},\"query-input\":{\"@type\":\"PropertyValueSpecification\",\"valueRequired\":true,\"valueName\":\"search_term_string\"}}],\"inLanguage\":\"es\"},{\"@type\":\"Organization\",\"@id\":\"https:\/\/eltunelcotillon.com\/minorista\/#organization\",\"name\":\"El T\u00fanel Cotill\u00f3n\",\"url\":\"https:\/\/eltunelcotillon.com\/minorista\/\",\"logo\":{\"@type\":\"ImageObject\",\"inLanguage\":\"es\",\"@id\":\"https:\/\/eltunelcotillon.com\/minorista\/#\/schema\/logo\/image\/\",\"url\":\"https:\/\/eltunelcotillon.com\/minorista\/wp-content\/uploads\/2026\/02\/el_t_nel_cotill_n_logo-1-e1768837235605.webp\",\"contentUrl\":\"https:\/\/eltunelcotillon.com\/minorista\/wp-content\/uploads\/2026\/02\/el_t_nel_cotill_n_logo-1-e1768837235605.webp\",\"width\":593,\"height\":383,\"caption\":\"El T\u00fanel Cotill\u00f3n\"},\"image\":{\"@id\":\"https:\/\/eltunelcotillon.com\/minorista\/#\/schema\/logo\/image\/\"},\"sameAs\":[\"https:\/\/www.facebook.com\/cotilloneltunel\/\",\"https:\/\/www.instagram.com\/cotilloneltunel1\/\"]}]}<\/script>\n<!-- \/ Yoast SEO plugin. -->","yoast_head_json":{"title":"Cajita unicornio x10 - El T\u00fanel Cotill\u00f3n","robots":{"index":"index","follow":"follow","max-snippet":"max-snippet:-1","max-image-preview":"max-image-preview:large","max-video-preview":"max-video-preview:-1"},"canonical":"https:\/\/eltunelcotillon.com\/minorista\/product\/cajita-unicornio-x10\/","og_locale":"es_ES","og_type":"article","og_title":"Cajita unicornio x10 - El T\u00fanel Cotill\u00f3n","og_url":"https:\/\/eltunelcotillon.com\/minorista\/product\/cajita-unicornio-x10\/","og_site_name":"El T\u00fanel Cotill\u00f3n","article_publisher":"https:\/\/www.facebook.com\/cotilloneltunel\/","article_modified_time":"2026-04-27T14:03:28+00:00","og_image":[{"width":580,"height":580,"url":"https:\/\/eltunelcotillon.com\/minorista\/wp-content\/uploads\/2026\/02\/CAJITA-UNICORNIO.jpeg","type":"image\/jpeg"}],"twitter_card":"summary_large_image","schema":{"@context":"https:\/\/schema.org","@graph":[{"@type":"WebPage","@id":"https:\/\/eltunelcotillon.com\/minorista\/product\/cajita-unicornio-x10\/","url":"https:\/\/eltunelcotillon.com\/minorista\/product\/cajita-unicornio-x10\/","name":"Cajita unicornio x10 - El T\u00fanel Cotill\u00f3n","isPartOf":{"@id":"https:\/\/eltunelcotillon.com\/minorista\/#website"},"primaryImageOfPage":{"@id":"https:\/\/eltunelcotillon.com\/minorista\/product\/cajita-unicornio-x10\/#primaryimage"},"image":{"@id":"https:\/\/eltunelcotillon.com\/minorista\/product\/cajita-unicornio-x10\/#primaryimage"},"thumbnailUrl":"https:\/\/eltunelcotillon.com\/minorista\/wp-content\/uploads\/2026\/02\/CAJITA-UNICORNIO.jpeg","datePublished":"2026-02-09T18:16:40+00:00","dateModified":"2026-04-27T14:03:28+00:00","breadcrumb":{"@id":"https:\/\/eltunelcotillon.com\/minorista\/product\/cajita-unicornio-x10\/#breadcrumb"},"inLanguage":"es","potentialAction":[{"@type":"ReadAction","target":["https:\/\/eltunelcotillon.com\/minorista\/product\/cajita-unicornio-x10\/"]}]},{"@type":"ImageObject","inLanguage":"es","@id":"https:\/\/eltunelcotillon.com\/minorista\/product\/cajita-unicornio-x10\/#primaryimage","url":"https:\/\/eltunelcotillon.com\/minorista\/wp-content\/uploads\/2026\/02\/CAJITA-UNICORNIO.jpeg","contentUrl":"https:\/\/eltunelcotillon.com\/minorista\/wp-content\/uploads\/2026\/02\/CAJITA-UNICORNIO.jpeg","width":580,"height":580},{"@type":"BreadcrumbList","@id":"https:\/\/eltunelcotillon.com\/minorista\/product\/cajita-unicornio-x10\/#breadcrumb","itemListElement":[{"@type":"ListItem","position":1,"name":"Inicio","item":"https:\/\/eltunelcotillon.com\/minorista\/"},{"@type":"ListItem","position":2,"name":"Tienda","item":"https:\/\/eltunelcotillon.com\/minorista\/tienda\/"},{"@type":"ListItem","position":3,"name":"Cajita unicornio x10"}]},{"@type":"WebSite","@id":"https:\/\/eltunelcotillon.com\/minorista\/#website","url":"https:\/\/eltunelcotillon.com\/minorista\/","name":"El T\u00fanel Cotill\u00f3n","description":"Cotill\u00f3n, Reposter\u00eda, Espumas de Carnaval, Chocolater\u00eda | Ventas mayoristas y minoristas","publisher":{"@id":"https:\/\/eltunelcotillon.com\/minorista\/#organization"},"potentialAction":[{"@type":"SearchAction","target":{"@type":"EntryPoint","urlTemplate":"https:\/\/eltunelcotillon.com\/minorista\/?s={search_term_string}"},"query-input":{"@type":"PropertyValueSpecification","valueRequired":true,"valueName":"search_term_string"}}],"inLanguage":"es"},{"@type":"Organization","@id":"https:\/\/eltunelcotillon.com\/minorista\/#organization","name":"El T\u00fanel Cotill\u00f3n","url":"https:\/\/eltunelcotillon.com\/minorista\/","logo":{"@type":"ImageObject","inLanguage":"es","@id":"https:\/\/eltunelcotillon.com\/minorista\/#\/schema\/logo\/image\/","url":"https:\/\/eltunelcotillon.com\/minorista\/wp-content\/uploads\/2026\/02\/el_t_nel_cotill_n_logo-1-e1768837235605.webp","contentUrl":"https:\/\/eltunelcotillon.com\/minorista\/wp-content\/uploads\/2026\/02\/el_t_nel_cotill_n_logo-1-e1768837235605.webp","width":593,"height":383,"caption":"El T\u00fanel Cotill\u00f3n"},"image":{"@id":"https:\/\/eltunelcotillon.com\/minorista\/#\/schema\/logo\/image\/"},"sameAs":["https:\/\/www.facebook.com\/cotilloneltunel\/","https:\/\/www.instagram.com\/cotilloneltunel1\/"]}]}},"_links":{"self":[{"href":"https:\/\/eltunelcotillon.com\/minorista\/wp-json\/wp\/v2\/product\/36525","targetHints":{"allow":["GET"]}}],"collection":[{"href":"https:\/\/eltunelcotillon.com\/minorista\/wp-json\/wp\/v2\/product"}],"about":[{"href":"https:\/\/eltunelcotillon.com\/minorista\/wp-json\/wp\/v2\/types\/product"}],"wp:featuredmedia":[{"embeddable":true,"href":"https:\/\/eltunelcotillon.com\/minorista\/wp-json\/wp\/v2\/media\/36563"}],"wp:attachment":[{"href":"https:\/\/eltunelcotillon.com\/minorista\/wp-json\/wp\/v2\/media?parent=36525"}],"wp:term":[{"taxonomy":"product_brand","embeddable":true,"href":"https:\/\/eltunelcotillon.com\/minorista\/wp-json\/wp\/v2\/product_brand?post=36525"},{"taxonomy":"product_cat","embeddable":true,"href":"https:\/\/eltunelcotillon.com\/minorista\/wp-json\/wp\/v2\/product_cat?post=36525"},{"taxonomy":"product_tag","embeddable":true,"href":"https:\/\/eltunelcotillon.com\/minorista\/wp-json\/wp\/v2\/product_tag?post=36525"}],"curies":[{"name":"wp","href":"https:\/\/api.w.org\/{rel}","templated":true}]}}