{"id":37051,"date":"2026-02-09T15:29:22","date_gmt":"2026-02-09T18:29:22","guid":{"rendered":"https:\/\/eltunelcotillon.com\/minoristanew\/?post_type=product&#038;p=37051"},"modified":"2026-04-27T11:03:48","modified_gmt":"2026-04-27T14:03:48","slug":"combo-cotillon-luminoso-para-200-220-personas","status":"publish","type":"product","link":"https:\/\/eltunelcotillon.com\/minorista\/product\/combo-cotillon-luminoso-para-200-220-personas\/","title":{"rendered":"Combo cotillon luminoso para 200\/220 personas"},"content":{"rendered":"<p>Total de articulos:235<\/p>\n<p>Incluye:<\/p>\n<ul>\n<li>100 pulseras neon<\/li>\n<li>12 vinchas mo\u00f1o\/corona led<\/li>\n<li>20 colgantes led<\/li>\n<li>12 anteojos 6 led<\/li>\n<li>15 vinchas diablo led<\/li>\n<li>15 anillos led<\/li>\n<li>20 varas rompecoco led<\/li>\n<li>12 anteojos tipo RayBan<\/li>\n<li>5 vinchas conejito led<\/li>\n<li>24 dedos led<\/li>\n<\/ul>\n","protected":false},"excerpt":{"rendered":"<p>Total de articulos:235 Incluye: 100 pulseras neon 12 vinchas mo\u00f1o\/corona led 20 colgantes led 12 anteojos 6 led 15 vinchas diablo led 15 anillos led 20 varas rompecoco led 12 anteojos tipo RayBan 5 vinchas conejito led 24 dedos led<\/p>\n","protected":false},"featured_media":37102,"template":"","meta":{"_acf_changed":false},"product_brand":[],"product_cat":[519,482,520,518,487],"product_tag":[367,230,554,555],"class_list":{"0":"post-37051","1":"product","2":"type-product","3":"status-publish","4":"has-post-thumbnail","6":"product_cat-anteojos","7":"product_cat-cotillon","8":"product_cat-cotillon-luminoso","9":"product_cat-promociones-y-ofertas","10":"product_cat-vinchas-y-coronas","11":"product_tag-cotillon","12":"product_tag-fiesta","13":"product_tag-invitados","14":"product_tag-promo","16":"first","17":"instock","18":"shipping-taxable","19":"purchasable","20":"product-type-simple"},"acf":[],"yoast_head":"<!-- This site is optimized with the Yoast SEO plugin v27.0 - https:\/\/yoast.com\/product\/yoast-seo-wordpress\/ -->\n<title>Combo cotillon luminoso para 200\/220 personas - El T\u00fanel Cotill\u00f3n<\/title>\n<meta name=\"robots\" content=\"index, follow, max-snippet:-1, max-image-preview:large, max-video-preview:-1\" \/>\n<link rel=\"canonical\" href=\"https:\/\/eltunelcotillon.com\/minorista\/product\/combo-cotillon-luminoso-para-200-220-personas\/\" \/>\n<meta property=\"og:locale\" content=\"es_ES\" \/>\n<meta property=\"og:type\" content=\"article\" \/>\n<meta property=\"og:title\" content=\"Combo cotillon luminoso para 200\/220 personas - El T\u00fanel Cotill\u00f3n\" \/>\n<meta property=\"og:description\" content=\"Total de articulos:235 Incluye: 100 pulseras neon 12 vinchas mo\u00f1o\/corona led 20 colgantes led 12 anteojos 6 led 15 vinchas diablo led 15 anillos led 20 varas rompecoco led 12 anteojos tipo RayBan 5 vinchas conejito led 24 dedos led\" \/>\n<meta property=\"og:url\" content=\"https:\/\/eltunelcotillon.com\/minorista\/product\/combo-cotillon-luminoso-para-200-220-personas\/\" \/>\n<meta property=\"og:site_name\" content=\"El T\u00fanel Cotill\u00f3n\" \/>\n<meta property=\"article:publisher\" content=\"https:\/\/www.facebook.com\/cotilloneltunel\/\" \/>\n<meta property=\"article:modified_time\" content=\"2026-04-27T14:03:48+00:00\" \/>\n<meta property=\"og:image\" content=\"https:\/\/eltunelcotillon.com\/minorista\/wp-content\/uploads\/2026\/02\/WhatsApp-Image-2025-09-22-at-10.42.01-AM.jpeg\" \/>\n\t<meta property=\"og:image:width\" content=\"720\" \/>\n\t<meta property=\"og:image:height\" content=\"1280\" \/>\n\t<meta property=\"og:image:type\" content=\"image\/jpeg\" \/>\n<meta name=\"twitter:card\" content=\"summary_large_image\" \/>\n<script type=\"application\/ld+json\" class=\"yoast-schema-graph\">{\"@context\":\"https:\/\/schema.org\",\"@graph\":[{\"@type\":\"WebPage\",\"@id\":\"https:\/\/eltunelcotillon.com\/minorista\/product\/combo-cotillon-luminoso-para-200-220-personas\/\",\"url\":\"https:\/\/eltunelcotillon.com\/minorista\/product\/combo-cotillon-luminoso-para-200-220-personas\/\",\"name\":\"Combo cotillon luminoso para 200\/220 personas - El T\u00fanel Cotill\u00f3n\",\"isPartOf\":{\"@id\":\"https:\/\/eltunelcotillon.com\/minorista\/#website\"},\"primaryImageOfPage\":{\"@id\":\"https:\/\/eltunelcotillon.com\/minorista\/product\/combo-cotillon-luminoso-para-200-220-personas\/#primaryimage\"},\"image\":{\"@id\":\"https:\/\/eltunelcotillon.com\/minorista\/product\/combo-cotillon-luminoso-para-200-220-personas\/#primaryimage\"},\"thumbnailUrl\":\"https:\/\/eltunelcotillon.com\/minorista\/wp-content\/uploads\/2026\/02\/WhatsApp-Image-2025-09-22-at-10.42.01-AM.jpeg\",\"datePublished\":\"2026-02-09T18:29:22+00:00\",\"dateModified\":\"2026-04-27T14:03:48+00:00\",\"breadcrumb\":{\"@id\":\"https:\/\/eltunelcotillon.com\/minorista\/product\/combo-cotillon-luminoso-para-200-220-personas\/#breadcrumb\"},\"inLanguage\":\"es\",\"potentialAction\":[{\"@type\":\"ReadAction\",\"target\":[\"https:\/\/eltunelcotillon.com\/minorista\/product\/combo-cotillon-luminoso-para-200-220-personas\/\"]}]},{\"@type\":\"ImageObject\",\"inLanguage\":\"es\",\"@id\":\"https:\/\/eltunelcotillon.com\/minorista\/product\/combo-cotillon-luminoso-para-200-220-personas\/#primaryimage\",\"url\":\"https:\/\/eltunelcotillon.com\/minorista\/wp-content\/uploads\/2026\/02\/WhatsApp-Image-2025-09-22-at-10.42.01-AM.jpeg\",\"contentUrl\":\"https:\/\/eltunelcotillon.com\/minorista\/wp-content\/uploads\/2026\/02\/WhatsApp-Image-2025-09-22-at-10.42.01-AM.jpeg\",\"width\":720,\"height\":1280},{\"@type\":\"BreadcrumbList\",\"@id\":\"https:\/\/eltunelcotillon.com\/minorista\/product\/combo-cotillon-luminoso-para-200-220-personas\/#breadcrumb\",\"itemListElement\":[{\"@type\":\"ListItem\",\"position\":1,\"name\":\"Inicio\",\"item\":\"https:\/\/eltunelcotillon.com\/minorista\/\"},{\"@type\":\"ListItem\",\"position\":2,\"name\":\"Tienda\",\"item\":\"https:\/\/eltunelcotillon.com\/minorista\/tienda\/\"},{\"@type\":\"ListItem\",\"position\":3,\"name\":\"Combo cotillon luminoso para 200\/220 personas\"}]},{\"@type\":\"WebSite\",\"@id\":\"https:\/\/eltunelcotillon.com\/minorista\/#website\",\"url\":\"https:\/\/eltunelcotillon.com\/minorista\/\",\"name\":\"El T\u00fanel Cotill\u00f3n\",\"description\":\"Cotill\u00f3n, Reposter\u00eda, Espumas de Carnaval, Chocolater\u00eda | Ventas mayoristas y minoristas\",\"publisher\":{\"@id\":\"https:\/\/eltunelcotillon.com\/minorista\/#organization\"},\"potentialAction\":[{\"@type\":\"SearchAction\",\"target\":{\"@type\":\"EntryPoint\",\"urlTemplate\":\"https:\/\/eltunelcotillon.com\/minorista\/?s={search_term_string}\"},\"query-input\":{\"@type\":\"PropertyValueSpecification\",\"valueRequired\":true,\"valueName\":\"search_term_string\"}}],\"inLanguage\":\"es\"},{\"@type\":\"Organization\",\"@id\":\"https:\/\/eltunelcotillon.com\/minorista\/#organization\",\"name\":\"El T\u00fanel Cotill\u00f3n\",\"url\":\"https:\/\/eltunelcotillon.com\/minorista\/\",\"logo\":{\"@type\":\"ImageObject\",\"inLanguage\":\"es\",\"@id\":\"https:\/\/eltunelcotillon.com\/minorista\/#\/schema\/logo\/image\/\",\"url\":\"https:\/\/eltunelcotillon.com\/minorista\/wp-content\/uploads\/2026\/02\/el_t_nel_cotill_n_logo-1-e1768837235605.webp\",\"contentUrl\":\"https:\/\/eltunelcotillon.com\/minorista\/wp-content\/uploads\/2026\/02\/el_t_nel_cotill_n_logo-1-e1768837235605.webp\",\"width\":593,\"height\":383,\"caption\":\"El T\u00fanel Cotill\u00f3n\"},\"image\":{\"@id\":\"https:\/\/eltunelcotillon.com\/minorista\/#\/schema\/logo\/image\/\"},\"sameAs\":[\"https:\/\/www.facebook.com\/cotilloneltunel\/\",\"https:\/\/www.instagram.com\/cotilloneltunel1\/\"]}]}<\/script>\n<!-- \/ Yoast SEO plugin. -->","yoast_head_json":{"title":"Combo cotillon luminoso para 200\/220 personas - El T\u00fanel Cotill\u00f3n","robots":{"index":"index","follow":"follow","max-snippet":"max-snippet:-1","max-image-preview":"max-image-preview:large","max-video-preview":"max-video-preview:-1"},"canonical":"https:\/\/eltunelcotillon.com\/minorista\/product\/combo-cotillon-luminoso-para-200-220-personas\/","og_locale":"es_ES","og_type":"article","og_title":"Combo cotillon luminoso para 200\/220 personas - El T\u00fanel Cotill\u00f3n","og_description":"Total de articulos:235 Incluye: 100 pulseras neon 12 vinchas mo\u00f1o\/corona led 20 colgantes led 12 anteojos 6 led 15 vinchas diablo led 15 anillos led 20 varas rompecoco led 12 anteojos tipo RayBan 5 vinchas conejito led 24 dedos led","og_url":"https:\/\/eltunelcotillon.com\/minorista\/product\/combo-cotillon-luminoso-para-200-220-personas\/","og_site_name":"El T\u00fanel Cotill\u00f3n","article_publisher":"https:\/\/www.facebook.com\/cotilloneltunel\/","article_modified_time":"2026-04-27T14:03:48+00:00","og_image":[{"width":720,"height":1280,"url":"https:\/\/eltunelcotillon.com\/minorista\/wp-content\/uploads\/2026\/02\/WhatsApp-Image-2025-09-22-at-10.42.01-AM.jpeg","type":"image\/jpeg"}],"twitter_card":"summary_large_image","schema":{"@context":"https:\/\/schema.org","@graph":[{"@type":"WebPage","@id":"https:\/\/eltunelcotillon.com\/minorista\/product\/combo-cotillon-luminoso-para-200-220-personas\/","url":"https:\/\/eltunelcotillon.com\/minorista\/product\/combo-cotillon-luminoso-para-200-220-personas\/","name":"Combo cotillon luminoso para 200\/220 personas - El T\u00fanel Cotill\u00f3n","isPartOf":{"@id":"https:\/\/eltunelcotillon.com\/minorista\/#website"},"primaryImageOfPage":{"@id":"https:\/\/eltunelcotillon.com\/minorista\/product\/combo-cotillon-luminoso-para-200-220-personas\/#primaryimage"},"image":{"@id":"https:\/\/eltunelcotillon.com\/minorista\/product\/combo-cotillon-luminoso-para-200-220-personas\/#primaryimage"},"thumbnailUrl":"https:\/\/eltunelcotillon.com\/minorista\/wp-content\/uploads\/2026\/02\/WhatsApp-Image-2025-09-22-at-10.42.01-AM.jpeg","datePublished":"2026-02-09T18:29:22+00:00","dateModified":"2026-04-27T14:03:48+00:00","breadcrumb":{"@id":"https:\/\/eltunelcotillon.com\/minorista\/product\/combo-cotillon-luminoso-para-200-220-personas\/#breadcrumb"},"inLanguage":"es","potentialAction":[{"@type":"ReadAction","target":["https:\/\/eltunelcotillon.com\/minorista\/product\/combo-cotillon-luminoso-para-200-220-personas\/"]}]},{"@type":"ImageObject","inLanguage":"es","@id":"https:\/\/eltunelcotillon.com\/minorista\/product\/combo-cotillon-luminoso-para-200-220-personas\/#primaryimage","url":"https:\/\/eltunelcotillon.com\/minorista\/wp-content\/uploads\/2026\/02\/WhatsApp-Image-2025-09-22-at-10.42.01-AM.jpeg","contentUrl":"https:\/\/eltunelcotillon.com\/minorista\/wp-content\/uploads\/2026\/02\/WhatsApp-Image-2025-09-22-at-10.42.01-AM.jpeg","width":720,"height":1280},{"@type":"BreadcrumbList","@id":"https:\/\/eltunelcotillon.com\/minorista\/product\/combo-cotillon-luminoso-para-200-220-personas\/#breadcrumb","itemListElement":[{"@type":"ListItem","position":1,"name":"Inicio","item":"https:\/\/eltunelcotillon.com\/minorista\/"},{"@type":"ListItem","position":2,"name":"Tienda","item":"https:\/\/eltunelcotillon.com\/minorista\/tienda\/"},{"@type":"ListItem","position":3,"name":"Combo cotillon luminoso para 200\/220 personas"}]},{"@type":"WebSite","@id":"https:\/\/eltunelcotillon.com\/minorista\/#website","url":"https:\/\/eltunelcotillon.com\/minorista\/","name":"El T\u00fanel Cotill\u00f3n","description":"Cotill\u00f3n, Reposter\u00eda, Espumas de Carnaval, Chocolater\u00eda | Ventas mayoristas y minoristas","publisher":{"@id":"https:\/\/eltunelcotillon.com\/minorista\/#organization"},"potentialAction":[{"@type":"SearchAction","target":{"@type":"EntryPoint","urlTemplate":"https:\/\/eltunelcotillon.com\/minorista\/?s={search_term_string}"},"query-input":{"@type":"PropertyValueSpecification","valueRequired":true,"valueName":"search_term_string"}}],"inLanguage":"es"},{"@type":"Organization","@id":"https:\/\/eltunelcotillon.com\/minorista\/#organization","name":"El T\u00fanel Cotill\u00f3n","url":"https:\/\/eltunelcotillon.com\/minorista\/","logo":{"@type":"ImageObject","inLanguage":"es","@id":"https:\/\/eltunelcotillon.com\/minorista\/#\/schema\/logo\/image\/","url":"https:\/\/eltunelcotillon.com\/minorista\/wp-content\/uploads\/2026\/02\/el_t_nel_cotill_n_logo-1-e1768837235605.webp","contentUrl":"https:\/\/eltunelcotillon.com\/minorista\/wp-content\/uploads\/2026\/02\/el_t_nel_cotill_n_logo-1-e1768837235605.webp","width":593,"height":383,"caption":"El T\u00fanel Cotill\u00f3n"},"image":{"@id":"https:\/\/eltunelcotillon.com\/minorista\/#\/schema\/logo\/image\/"},"sameAs":["https:\/\/www.facebook.com\/cotilloneltunel\/","https:\/\/www.instagram.com\/cotilloneltunel1\/"]}]}},"_links":{"self":[{"href":"https:\/\/eltunelcotillon.com\/minorista\/wp-json\/wp\/v2\/product\/37051","targetHints":{"allow":["GET"]}}],"collection":[{"href":"https:\/\/eltunelcotillon.com\/minorista\/wp-json\/wp\/v2\/product"}],"about":[{"href":"https:\/\/eltunelcotillon.com\/minorista\/wp-json\/wp\/v2\/types\/product"}],"wp:featuredmedia":[{"embeddable":true,"href":"https:\/\/eltunelcotillon.com\/minorista\/wp-json\/wp\/v2\/media\/37102"}],"wp:attachment":[{"href":"https:\/\/eltunelcotillon.com\/minorista\/wp-json\/wp\/v2\/media?parent=37051"}],"wp:term":[{"taxonomy":"product_brand","embeddable":true,"href":"https:\/\/eltunelcotillon.com\/minorista\/wp-json\/wp\/v2\/product_brand?post=37051"},{"taxonomy":"product_cat","embeddable":true,"href":"https:\/\/eltunelcotillon.com\/minorista\/wp-json\/wp\/v2\/product_cat?post=37051"},{"taxonomy":"product_tag","embeddable":true,"href":"https:\/\/eltunelcotillon.com\/minorista\/wp-json\/wp\/v2\/product_tag?post=37051"}],"curies":[{"name":"wp","href":"https:\/\/api.w.org\/{rel}","templated":true}]}}