{"id":37482,"date":"2026-02-09T15:38:40","date_gmt":"2026-02-09T18:38:40","guid":{"rendered":"https:\/\/eltunelcotillon.com\/minoristanew\/?post_type=product&#038;p=37482"},"modified":"2026-04-27T11:04:02","modified_gmt":"2026-04-27T14:04:02","slug":"bano-espejo-pastelar","status":"publish","type":"product","link":"https:\/\/eltunelcotillon.com\/minorista\/product\/bano-espejo-pastelar\/","title":{"rendered":"Ba\u00f1o espejo Pastelar"},"content":{"rendered":"<p class=\"p1\"><span class=\"s1\">El \u201cBa\u00f1o tipo espejo de dulce de leche PastelAR\u201d\u00a0<\/span><span class=\"s2\">est\u00e1\u00a0<\/span><span class=\"s1\">LISTO PARA USAR y es ideal para lograr un acabado<\/span><span class=\"s2\">\u00a0perfecto en las tortas espejadas y las dripping cakes que son tendencia en todo el mundo.<\/span><\/p>\n<p class=\"p1\"><span class=\"s2\">\u2022 Una torta espejada es generalmente una mousse o torta helada ba\u00f1ada con un espejo que se usa tibio sobre la torta\u00a0<\/span><span class=\"s1\">fr\u00eda y de esa manera solidifica dando una terminaci\u00f3n perfecta y muy brillosa.<\/span><\/p>\n<p class=\"p1\"><span class=\"s2\">\u2022 Una dripping cake o torta chorreada es una torta\u00a0<\/span><span class=\"s3\">cubierta por ejemplo con buttercream, que se ba\u00f1a en la superficie dejando caer el ba\u00f1o sobre los laterales.<\/span><\/p>\n<p class=\"p3\"><span class=\"s2\"><b>El producto:<\/b><\/span><\/p>\n<p class=\"p1\"><span class=\"s2\">Es sabroso pero ligero, tiene un efecto de brillo delgado.<\/span><\/p>\n<p class=\"p1\"><span class=\"s2\">Puede usarse como salsa y alternarse con buttercream en rellenos.<\/span><\/p>\n","protected":false},"excerpt":{"rendered":"<p>El \u201cBa\u00f1o tipo espejo de dulce de leche PastelAR\u201d\u00a0est\u00e1\u00a0LISTO PARA USAR y es ideal para lograr un acabado\u00a0perfecto en las tortas espejadas y las dripping cakes que son tendencia en todo el mundo. \u2022 Una torta espejada es generalmente una mousse o torta helada ba\u00f1ada con un espejo que se usa tibio sobre la torta\u00a0fr\u00eda [&hellip;]<\/p>\n","protected":false},"featured_media":37511,"template":"","meta":{"_acf_changed":false},"product_brand":[],"product_cat":[499],"product_tag":[],"class_list":{"0":"post-37482","1":"product","2":"type-product","3":"status-publish","4":"has-post-thumbnail","6":"product_cat-reposteria-comestible","8":"first","9":"instock","10":"shipping-taxable","11":"purchasable","12":"product-type-simple"},"acf":[],"yoast_head":"<!-- This site is optimized with the Yoast SEO plugin v27.0 - https:\/\/yoast.com\/product\/yoast-seo-wordpress\/ -->\n<title>Ba\u00f1o espejo Pastelar - El T\u00fanel Cotill\u00f3n<\/title>\n<meta name=\"robots\" content=\"index, follow, max-snippet:-1, max-image-preview:large, max-video-preview:-1\" \/>\n<link rel=\"canonical\" href=\"https:\/\/eltunelcotillon.com\/minorista\/product\/bano-espejo-pastelar\/\" \/>\n<meta property=\"og:locale\" content=\"es_ES\" \/>\n<meta property=\"og:type\" content=\"article\" \/>\n<meta property=\"og:title\" content=\"Ba\u00f1o espejo Pastelar - El T\u00fanel Cotill\u00f3n\" \/>\n<meta property=\"og:description\" content=\"El \u201cBa\u00f1o tipo espejo de dulce de leche PastelAR\u201d\u00a0est\u00e1\u00a0LISTO PARA USAR y es ideal para lograr un acabado\u00a0perfecto en las tortas espejadas y las dripping cakes que son tendencia en todo el mundo. \u2022 Una torta espejada es generalmente una mousse o torta helada ba\u00f1ada con un espejo que se usa tibio sobre la torta\u00a0fr\u00eda [&hellip;]\" \/>\n<meta property=\"og:url\" content=\"https:\/\/eltunelcotillon.com\/minorista\/product\/bano-espejo-pastelar\/\" \/>\n<meta property=\"og:site_name\" content=\"El T\u00fanel Cotill\u00f3n\" \/>\n<meta property=\"article:publisher\" content=\"https:\/\/www.facebook.com\/cotilloneltunel\/\" \/>\n<meta property=\"article:modified_time\" content=\"2026-04-27T14:04:02+00:00\" \/>\n<meta property=\"og:image\" content=\"https:\/\/eltunelcotillon.com\/minorista\/wp-content\/uploads\/2026\/02\/bano-espejo-04.jpg\" \/>\n\t<meta property=\"og:image:width\" content=\"301\" \/>\n\t<meta property=\"og:image:height\" content=\"340\" \/>\n\t<meta property=\"og:image:type\" content=\"image\/jpeg\" \/>\n<meta name=\"twitter:card\" content=\"summary_large_image\" \/>\n<meta name=\"twitter:label1\" content=\"Tiempo de lectura\" \/>\n\t<meta name=\"twitter:data1\" content=\"1 minuto\" \/>\n<script type=\"application\/ld+json\" class=\"yoast-schema-graph\">{\"@context\":\"https:\/\/schema.org\",\"@graph\":[{\"@type\":\"WebPage\",\"@id\":\"https:\/\/eltunelcotillon.com\/minorista\/product\/bano-espejo-pastelar\/\",\"url\":\"https:\/\/eltunelcotillon.com\/minorista\/product\/bano-espejo-pastelar\/\",\"name\":\"Ba\u00f1o espejo Pastelar - El T\u00fanel Cotill\u00f3n\",\"isPartOf\":{\"@id\":\"https:\/\/eltunelcotillon.com\/minorista\/#website\"},\"primaryImageOfPage\":{\"@id\":\"https:\/\/eltunelcotillon.com\/minorista\/product\/bano-espejo-pastelar\/#primaryimage\"},\"image\":{\"@id\":\"https:\/\/eltunelcotillon.com\/minorista\/product\/bano-espejo-pastelar\/#primaryimage\"},\"thumbnailUrl\":\"https:\/\/eltunelcotillon.com\/minorista\/wp-content\/uploads\/2026\/02\/bano-espejo-04.jpg\",\"datePublished\":\"2026-02-09T18:38:40+00:00\",\"dateModified\":\"2026-04-27T14:04:02+00:00\",\"breadcrumb\":{\"@id\":\"https:\/\/eltunelcotillon.com\/minorista\/product\/bano-espejo-pastelar\/#breadcrumb\"},\"inLanguage\":\"es\",\"potentialAction\":[{\"@type\":\"ReadAction\",\"target\":[\"https:\/\/eltunelcotillon.com\/minorista\/product\/bano-espejo-pastelar\/\"]}]},{\"@type\":\"ImageObject\",\"inLanguage\":\"es\",\"@id\":\"https:\/\/eltunelcotillon.com\/minorista\/product\/bano-espejo-pastelar\/#primaryimage\",\"url\":\"https:\/\/eltunelcotillon.com\/minorista\/wp-content\/uploads\/2026\/02\/bano-espejo-04.jpg\",\"contentUrl\":\"https:\/\/eltunelcotillon.com\/minorista\/wp-content\/uploads\/2026\/02\/bano-espejo-04.jpg\",\"width\":301,\"height\":340},{\"@type\":\"BreadcrumbList\",\"@id\":\"https:\/\/eltunelcotillon.com\/minorista\/product\/bano-espejo-pastelar\/#breadcrumb\",\"itemListElement\":[{\"@type\":\"ListItem\",\"position\":1,\"name\":\"Inicio\",\"item\":\"https:\/\/eltunelcotillon.com\/minorista\/\"},{\"@type\":\"ListItem\",\"position\":2,\"name\":\"Tienda\",\"item\":\"https:\/\/eltunelcotillon.com\/minorista\/tienda\/\"},{\"@type\":\"ListItem\",\"position\":3,\"name\":\"Ba\u00f1o espejo Pastelar\"}]},{\"@type\":\"WebSite\",\"@id\":\"https:\/\/eltunelcotillon.com\/minorista\/#website\",\"url\":\"https:\/\/eltunelcotillon.com\/minorista\/\",\"name\":\"El T\u00fanel Cotill\u00f3n\",\"description\":\"Cotill\u00f3n, Reposter\u00eda, Espumas de Carnaval, Chocolater\u00eda | Ventas mayoristas y minoristas\",\"publisher\":{\"@id\":\"https:\/\/eltunelcotillon.com\/minorista\/#organization\"},\"potentialAction\":[{\"@type\":\"SearchAction\",\"target\":{\"@type\":\"EntryPoint\",\"urlTemplate\":\"https:\/\/eltunelcotillon.com\/minorista\/?s={search_term_string}\"},\"query-input\":{\"@type\":\"PropertyValueSpecification\",\"valueRequired\":true,\"valueName\":\"search_term_string\"}}],\"inLanguage\":\"es\"},{\"@type\":\"Organization\",\"@id\":\"https:\/\/eltunelcotillon.com\/minorista\/#organization\",\"name\":\"El T\u00fanel Cotill\u00f3n\",\"url\":\"https:\/\/eltunelcotillon.com\/minorista\/\",\"logo\":{\"@type\":\"ImageObject\",\"inLanguage\":\"es\",\"@id\":\"https:\/\/eltunelcotillon.com\/minorista\/#\/schema\/logo\/image\/\",\"url\":\"https:\/\/eltunelcotillon.com\/minorista\/wp-content\/uploads\/2026\/02\/el_t_nel_cotill_n_logo-1-e1768837235605.webp\",\"contentUrl\":\"https:\/\/eltunelcotillon.com\/minorista\/wp-content\/uploads\/2026\/02\/el_t_nel_cotill_n_logo-1-e1768837235605.webp\",\"width\":593,\"height\":383,\"caption\":\"El T\u00fanel Cotill\u00f3n\"},\"image\":{\"@id\":\"https:\/\/eltunelcotillon.com\/minorista\/#\/schema\/logo\/image\/\"},\"sameAs\":[\"https:\/\/www.facebook.com\/cotilloneltunel\/\",\"https:\/\/www.instagram.com\/cotilloneltunel1\/\"]}]}<\/script>\n<!-- \/ Yoast SEO plugin. -->","yoast_head_json":{"title":"Ba\u00f1o espejo Pastelar - El T\u00fanel Cotill\u00f3n","robots":{"index":"index","follow":"follow","max-snippet":"max-snippet:-1","max-image-preview":"max-image-preview:large","max-video-preview":"max-video-preview:-1"},"canonical":"https:\/\/eltunelcotillon.com\/minorista\/product\/bano-espejo-pastelar\/","og_locale":"es_ES","og_type":"article","og_title":"Ba\u00f1o espejo Pastelar - El T\u00fanel Cotill\u00f3n","og_description":"El \u201cBa\u00f1o tipo espejo de dulce de leche PastelAR\u201d\u00a0est\u00e1\u00a0LISTO PARA USAR y es ideal para lograr un acabado\u00a0perfecto en las tortas espejadas y las dripping cakes que son tendencia en todo el mundo. \u2022 Una torta espejada es generalmente una mousse o torta helada ba\u00f1ada con un espejo que se usa tibio sobre la torta\u00a0fr\u00eda [&hellip;]","og_url":"https:\/\/eltunelcotillon.com\/minorista\/product\/bano-espejo-pastelar\/","og_site_name":"El T\u00fanel Cotill\u00f3n","article_publisher":"https:\/\/www.facebook.com\/cotilloneltunel\/","article_modified_time":"2026-04-27T14:04:02+00:00","og_image":[{"width":301,"height":340,"url":"https:\/\/eltunelcotillon.com\/minorista\/wp-content\/uploads\/2026\/02\/bano-espejo-04.jpg","type":"image\/jpeg"}],"twitter_card":"summary_large_image","twitter_misc":{"Tiempo de lectura":"1 minuto"},"schema":{"@context":"https:\/\/schema.org","@graph":[{"@type":"WebPage","@id":"https:\/\/eltunelcotillon.com\/minorista\/product\/bano-espejo-pastelar\/","url":"https:\/\/eltunelcotillon.com\/minorista\/product\/bano-espejo-pastelar\/","name":"Ba\u00f1o espejo Pastelar - El T\u00fanel Cotill\u00f3n","isPartOf":{"@id":"https:\/\/eltunelcotillon.com\/minorista\/#website"},"primaryImageOfPage":{"@id":"https:\/\/eltunelcotillon.com\/minorista\/product\/bano-espejo-pastelar\/#primaryimage"},"image":{"@id":"https:\/\/eltunelcotillon.com\/minorista\/product\/bano-espejo-pastelar\/#primaryimage"},"thumbnailUrl":"https:\/\/eltunelcotillon.com\/minorista\/wp-content\/uploads\/2026\/02\/bano-espejo-04.jpg","datePublished":"2026-02-09T18:38:40+00:00","dateModified":"2026-04-27T14:04:02+00:00","breadcrumb":{"@id":"https:\/\/eltunelcotillon.com\/minorista\/product\/bano-espejo-pastelar\/#breadcrumb"},"inLanguage":"es","potentialAction":[{"@type":"ReadAction","target":["https:\/\/eltunelcotillon.com\/minorista\/product\/bano-espejo-pastelar\/"]}]},{"@type":"ImageObject","inLanguage":"es","@id":"https:\/\/eltunelcotillon.com\/minorista\/product\/bano-espejo-pastelar\/#primaryimage","url":"https:\/\/eltunelcotillon.com\/minorista\/wp-content\/uploads\/2026\/02\/bano-espejo-04.jpg","contentUrl":"https:\/\/eltunelcotillon.com\/minorista\/wp-content\/uploads\/2026\/02\/bano-espejo-04.jpg","width":301,"height":340},{"@type":"BreadcrumbList","@id":"https:\/\/eltunelcotillon.com\/minorista\/product\/bano-espejo-pastelar\/#breadcrumb","itemListElement":[{"@type":"ListItem","position":1,"name":"Inicio","item":"https:\/\/eltunelcotillon.com\/minorista\/"},{"@type":"ListItem","position":2,"name":"Tienda","item":"https:\/\/eltunelcotillon.com\/minorista\/tienda\/"},{"@type":"ListItem","position":3,"name":"Ba\u00f1o espejo Pastelar"}]},{"@type":"WebSite","@id":"https:\/\/eltunelcotillon.com\/minorista\/#website","url":"https:\/\/eltunelcotillon.com\/minorista\/","name":"El T\u00fanel Cotill\u00f3n","description":"Cotill\u00f3n, Reposter\u00eda, Espumas de Carnaval, Chocolater\u00eda | Ventas mayoristas y minoristas","publisher":{"@id":"https:\/\/eltunelcotillon.com\/minorista\/#organization"},"potentialAction":[{"@type":"SearchAction","target":{"@type":"EntryPoint","urlTemplate":"https:\/\/eltunelcotillon.com\/minorista\/?s={search_term_string}"},"query-input":{"@type":"PropertyValueSpecification","valueRequired":true,"valueName":"search_term_string"}}],"inLanguage":"es"},{"@type":"Organization","@id":"https:\/\/eltunelcotillon.com\/minorista\/#organization","name":"El T\u00fanel Cotill\u00f3n","url":"https:\/\/eltunelcotillon.com\/minorista\/","logo":{"@type":"ImageObject","inLanguage":"es","@id":"https:\/\/eltunelcotillon.com\/minorista\/#\/schema\/logo\/image\/","url":"https:\/\/eltunelcotillon.com\/minorista\/wp-content\/uploads\/2026\/02\/el_t_nel_cotill_n_logo-1-e1768837235605.webp","contentUrl":"https:\/\/eltunelcotillon.com\/minorista\/wp-content\/uploads\/2026\/02\/el_t_nel_cotill_n_logo-1-e1768837235605.webp","width":593,"height":383,"caption":"El T\u00fanel Cotill\u00f3n"},"image":{"@id":"https:\/\/eltunelcotillon.com\/minorista\/#\/schema\/logo\/image\/"},"sameAs":["https:\/\/www.facebook.com\/cotilloneltunel\/","https:\/\/www.instagram.com\/cotilloneltunel1\/"]}]}},"_links":{"self":[{"href":"https:\/\/eltunelcotillon.com\/minorista\/wp-json\/wp\/v2\/product\/37482","targetHints":{"allow":["GET"]}}],"collection":[{"href":"https:\/\/eltunelcotillon.com\/minorista\/wp-json\/wp\/v2\/product"}],"about":[{"href":"https:\/\/eltunelcotillon.com\/minorista\/wp-json\/wp\/v2\/types\/product"}],"wp:featuredmedia":[{"embeddable":true,"href":"https:\/\/eltunelcotillon.com\/minorista\/wp-json\/wp\/v2\/media\/37511"}],"wp:attachment":[{"href":"https:\/\/eltunelcotillon.com\/minorista\/wp-json\/wp\/v2\/media?parent=37482"}],"wp:term":[{"taxonomy":"product_brand","embeddable":true,"href":"https:\/\/eltunelcotillon.com\/minorista\/wp-json\/wp\/v2\/product_brand?post=37482"},{"taxonomy":"product_cat","embeddable":true,"href":"https:\/\/eltunelcotillon.com\/minorista\/wp-json\/wp\/v2\/product_cat?post=37482"},{"taxonomy":"product_tag","embeddable":true,"href":"https:\/\/eltunelcotillon.com\/minorista\/wp-json\/wp\/v2\/product_tag?post=37482"}],"curies":[{"name":"wp","href":"https:\/\/api.w.org\/{rel}","templated":true}]}}