{"id":38033,"date":"2026-02-09T15:43:43","date_gmt":"2026-02-09T18:43:43","guid":{"rendered":"https:\/\/eltunelcotillon.com\/minoristanew\/?post_type=product&#038;p=38033"},"modified":"2026-04-27T11:04:20","modified_gmt":"2026-04-27T14:04:20","slug":"banda-rectangular-acero-inoxidable-16x26cm-de-6cm-de-altura","status":"publish","type":"product","link":"https:\/\/eltunelcotillon.com\/minorista\/product\/banda-rectangular-acero-inoxidable-16x26cm-de-6cm-de-altura\/","title":{"rendered":"Banda Rectangular acero inoxidable 16x26cm de 6cm de altura"},"content":{"rendered":"<div id=\"mceu_25\" class=\"mce-top-part mce-container mce-stack-layout-item mce-first\">\n<div id=\"mceu_25-body\" class=\"mce-container-body\">\n<div id=\"mceu_26\" class=\"mce-toolbar-grp mce-container mce-panel mce-first mce-last\" tabindex=\"-1\" role=\"group\">\n<div id=\"mceu_26-body\" class=\"mce-container-body mce-stack-layout\">\n<div id=\"mceu_27\" class=\"mce-container mce-toolbar mce-stack-layout-item mce-first\" role=\"toolbar\">\n<div id=\"mceu_27-body\" class=\"mce-container-body mce-flow-layout\">\n<div id=\"mceu_28\" class=\"mce-container mce-flow-layout-item mce-first mce-last mce-btn-group\" role=\"group\">\n<div id=\"mceu_28-body\">\n<div id=\"mceu_9\" class=\"mce-widget mce-btn\" tabindex=\"-1\" role=\"button\" aria-pressed=\"false\" aria-label=\"Insertar\/Editar enlace (Ctrl+K)\">\n<p>Cintura\/Banda<\/p>\n<p>Molde para torta rectangular<\/p>\n<\/div>\n<div id=\"mceu_10\" class=\"mce-widget mce-btn\" tabindex=\"-1\" role=\"button\" aria-label=\"Insertar la etiqueta &quot;Leer m\u00e1s&quot; (Shift+Alt+T)\"><\/div>\n<div id=\"mceu_11\" class=\"mce-widget mce-btn\" tabindex=\"-1\" role=\"button\" aria-label=\"M\u00e1s herramientas (Shift+Alt+Z)\"><\/div>\n<div id=\"mceu_12\" class=\"mce-widget mce-btn mce-wp-dfw mce-last\" tabindex=\"-1\" role=\"button\" aria-pressed=\"false\" aria-label=\"Modo de escritura sin distracci\u00f3n (Shift+Alt+W)\"><\/div>\n<\/div>\n<\/div>\n<\/div>\n<\/div>\n<\/div>\n<\/div>\n<\/div>\n<\/div>\n","protected":false},"excerpt":{"rendered":"<p>Cintura\/Banda Molde para torta rectangular<\/p>\n","protected":false},"featured_media":38055,"template":"","meta":{"_acf_changed":false},"product_brand":[],"product_cat":[495,538],"product_tag":[],"class_list":{"0":"post-38033","1":"product","2":"type-product","3":"status-publish","4":"has-post-thumbnail","6":"product_cat-moldes","7":"product_cat-torteras","9":"first","10":"instock","11":"shipping-taxable","12":"purchasable","13":"product-type-simple"},"acf":[],"yoast_head":"<!-- This site is optimized with the Yoast SEO plugin v27.0 - https:\/\/yoast.com\/product\/yoast-seo-wordpress\/ -->\n<title>Banda Rectangular acero inoxidable 16x26cm de 6cm de altura - El T\u00fanel Cotill\u00f3n<\/title>\n<meta name=\"robots\" content=\"index, follow, max-snippet:-1, max-image-preview:large, max-video-preview:-1\" \/>\n<link rel=\"canonical\" href=\"https:\/\/eltunelcotillon.com\/minorista\/product\/banda-rectangular-acero-inoxidable-16x26cm-de-6cm-de-altura\/\" \/>\n<meta property=\"og:locale\" content=\"es_ES\" \/>\n<meta property=\"og:type\" content=\"article\" \/>\n<meta property=\"og:title\" content=\"Banda Rectangular acero inoxidable 16x26cm de 6cm de altura - El T\u00fanel Cotill\u00f3n\" \/>\n<meta property=\"og:description\" content=\"Cintura\/Banda Molde para torta rectangular\" \/>\n<meta property=\"og:url\" content=\"https:\/\/eltunelcotillon.com\/minorista\/product\/banda-rectangular-acero-inoxidable-16x26cm-de-6cm-de-altura\/\" \/>\n<meta property=\"og:site_name\" content=\"El T\u00fanel Cotill\u00f3n\" \/>\n<meta property=\"article:publisher\" content=\"https:\/\/www.facebook.com\/cotilloneltunel\/\" \/>\n<meta property=\"article:modified_time\" content=\"2026-04-27T14:04:20+00:00\" \/>\n<meta property=\"og:image\" content=\"https:\/\/eltunelcotillon.com\/minorista\/wp-content\/uploads\/2026\/02\/cintura-rectangular.jpg\" \/>\n\t<meta property=\"og:image:width\" content=\"1200\" \/>\n\t<meta property=\"og:image:height\" content=\"800\" \/>\n\t<meta property=\"og:image:type\" content=\"image\/jpeg\" \/>\n<meta name=\"twitter:card\" content=\"summary_large_image\" \/>\n<script type=\"application\/ld+json\" class=\"yoast-schema-graph\">{\"@context\":\"https:\/\/schema.org\",\"@graph\":[{\"@type\":\"WebPage\",\"@id\":\"https:\/\/eltunelcotillon.com\/minorista\/product\/banda-rectangular-acero-inoxidable-16x26cm-de-6cm-de-altura\/\",\"url\":\"https:\/\/eltunelcotillon.com\/minorista\/product\/banda-rectangular-acero-inoxidable-16x26cm-de-6cm-de-altura\/\",\"name\":\"Banda Rectangular acero inoxidable 16x26cm de 6cm de altura - El T\u00fanel Cotill\u00f3n\",\"isPartOf\":{\"@id\":\"https:\/\/eltunelcotillon.com\/minorista\/#website\"},\"primaryImageOfPage\":{\"@id\":\"https:\/\/eltunelcotillon.com\/minorista\/product\/banda-rectangular-acero-inoxidable-16x26cm-de-6cm-de-altura\/#primaryimage\"},\"image\":{\"@id\":\"https:\/\/eltunelcotillon.com\/minorista\/product\/banda-rectangular-acero-inoxidable-16x26cm-de-6cm-de-altura\/#primaryimage\"},\"thumbnailUrl\":\"https:\/\/eltunelcotillon.com\/minorista\/wp-content\/uploads\/2026\/02\/cintura-rectangular.jpg\",\"datePublished\":\"2026-02-09T18:43:43+00:00\",\"dateModified\":\"2026-04-27T14:04:20+00:00\",\"breadcrumb\":{\"@id\":\"https:\/\/eltunelcotillon.com\/minorista\/product\/banda-rectangular-acero-inoxidable-16x26cm-de-6cm-de-altura\/#breadcrumb\"},\"inLanguage\":\"es\",\"potentialAction\":[{\"@type\":\"ReadAction\",\"target\":[\"https:\/\/eltunelcotillon.com\/minorista\/product\/banda-rectangular-acero-inoxidable-16x26cm-de-6cm-de-altura\/\"]}]},{\"@type\":\"ImageObject\",\"inLanguage\":\"es\",\"@id\":\"https:\/\/eltunelcotillon.com\/minorista\/product\/banda-rectangular-acero-inoxidable-16x26cm-de-6cm-de-altura\/#primaryimage\",\"url\":\"https:\/\/eltunelcotillon.com\/minorista\/wp-content\/uploads\/2026\/02\/cintura-rectangular.jpg\",\"contentUrl\":\"https:\/\/eltunelcotillon.com\/minorista\/wp-content\/uploads\/2026\/02\/cintura-rectangular.jpg\",\"width\":1200,\"height\":800},{\"@type\":\"BreadcrumbList\",\"@id\":\"https:\/\/eltunelcotillon.com\/minorista\/product\/banda-rectangular-acero-inoxidable-16x26cm-de-6cm-de-altura\/#breadcrumb\",\"itemListElement\":[{\"@type\":\"ListItem\",\"position\":1,\"name\":\"Inicio\",\"item\":\"https:\/\/eltunelcotillon.com\/minorista\/\"},{\"@type\":\"ListItem\",\"position\":2,\"name\":\"Tienda\",\"item\":\"https:\/\/eltunelcotillon.com\/minorista\/tienda\/\"},{\"@type\":\"ListItem\",\"position\":3,\"name\":\"Banda Rectangular acero inoxidable 16x26cm de 6cm de altura\"}]},{\"@type\":\"WebSite\",\"@id\":\"https:\/\/eltunelcotillon.com\/minorista\/#website\",\"url\":\"https:\/\/eltunelcotillon.com\/minorista\/\",\"name\":\"El T\u00fanel Cotill\u00f3n\",\"description\":\"Cotill\u00f3n, Reposter\u00eda, Espumas de Carnaval, Chocolater\u00eda | Ventas mayoristas y minoristas\",\"publisher\":{\"@id\":\"https:\/\/eltunelcotillon.com\/minorista\/#organization\"},\"potentialAction\":[{\"@type\":\"SearchAction\",\"target\":{\"@type\":\"EntryPoint\",\"urlTemplate\":\"https:\/\/eltunelcotillon.com\/minorista\/?s={search_term_string}\"},\"query-input\":{\"@type\":\"PropertyValueSpecification\",\"valueRequired\":true,\"valueName\":\"search_term_string\"}}],\"inLanguage\":\"es\"},{\"@type\":\"Organization\",\"@id\":\"https:\/\/eltunelcotillon.com\/minorista\/#organization\",\"name\":\"El T\u00fanel Cotill\u00f3n\",\"url\":\"https:\/\/eltunelcotillon.com\/minorista\/\",\"logo\":{\"@type\":\"ImageObject\",\"inLanguage\":\"es\",\"@id\":\"https:\/\/eltunelcotillon.com\/minorista\/#\/schema\/logo\/image\/\",\"url\":\"https:\/\/eltunelcotillon.com\/minorista\/wp-content\/uploads\/2026\/02\/el_t_nel_cotill_n_logo-1-e1768837235605.webp\",\"contentUrl\":\"https:\/\/eltunelcotillon.com\/minorista\/wp-content\/uploads\/2026\/02\/el_t_nel_cotill_n_logo-1-e1768837235605.webp\",\"width\":593,\"height\":383,\"caption\":\"El T\u00fanel Cotill\u00f3n\"},\"image\":{\"@id\":\"https:\/\/eltunelcotillon.com\/minorista\/#\/schema\/logo\/image\/\"},\"sameAs\":[\"https:\/\/www.facebook.com\/cotilloneltunel\/\",\"https:\/\/www.instagram.com\/cotilloneltunel1\/\"]}]}<\/script>\n<!-- \/ Yoast SEO plugin. -->","yoast_head_json":{"title":"Banda Rectangular acero inoxidable 16x26cm de 6cm de altura - El T\u00fanel Cotill\u00f3n","robots":{"index":"index","follow":"follow","max-snippet":"max-snippet:-1","max-image-preview":"max-image-preview:large","max-video-preview":"max-video-preview:-1"},"canonical":"https:\/\/eltunelcotillon.com\/minorista\/product\/banda-rectangular-acero-inoxidable-16x26cm-de-6cm-de-altura\/","og_locale":"es_ES","og_type":"article","og_title":"Banda Rectangular acero inoxidable 16x26cm de 6cm de altura - El T\u00fanel Cotill\u00f3n","og_description":"Cintura\/Banda Molde para torta rectangular","og_url":"https:\/\/eltunelcotillon.com\/minorista\/product\/banda-rectangular-acero-inoxidable-16x26cm-de-6cm-de-altura\/","og_site_name":"El T\u00fanel Cotill\u00f3n","article_publisher":"https:\/\/www.facebook.com\/cotilloneltunel\/","article_modified_time":"2026-04-27T14:04:20+00:00","og_image":[{"width":1200,"height":800,"url":"https:\/\/eltunelcotillon.com\/minorista\/wp-content\/uploads\/2026\/02\/cintura-rectangular.jpg","type":"image\/jpeg"}],"twitter_card":"summary_large_image","schema":{"@context":"https:\/\/schema.org","@graph":[{"@type":"WebPage","@id":"https:\/\/eltunelcotillon.com\/minorista\/product\/banda-rectangular-acero-inoxidable-16x26cm-de-6cm-de-altura\/","url":"https:\/\/eltunelcotillon.com\/minorista\/product\/banda-rectangular-acero-inoxidable-16x26cm-de-6cm-de-altura\/","name":"Banda Rectangular acero inoxidable 16x26cm de 6cm de altura - El T\u00fanel Cotill\u00f3n","isPartOf":{"@id":"https:\/\/eltunelcotillon.com\/minorista\/#website"},"primaryImageOfPage":{"@id":"https:\/\/eltunelcotillon.com\/minorista\/product\/banda-rectangular-acero-inoxidable-16x26cm-de-6cm-de-altura\/#primaryimage"},"image":{"@id":"https:\/\/eltunelcotillon.com\/minorista\/product\/banda-rectangular-acero-inoxidable-16x26cm-de-6cm-de-altura\/#primaryimage"},"thumbnailUrl":"https:\/\/eltunelcotillon.com\/minorista\/wp-content\/uploads\/2026\/02\/cintura-rectangular.jpg","datePublished":"2026-02-09T18:43:43+00:00","dateModified":"2026-04-27T14:04:20+00:00","breadcrumb":{"@id":"https:\/\/eltunelcotillon.com\/minorista\/product\/banda-rectangular-acero-inoxidable-16x26cm-de-6cm-de-altura\/#breadcrumb"},"inLanguage":"es","potentialAction":[{"@type":"ReadAction","target":["https:\/\/eltunelcotillon.com\/minorista\/product\/banda-rectangular-acero-inoxidable-16x26cm-de-6cm-de-altura\/"]}]},{"@type":"ImageObject","inLanguage":"es","@id":"https:\/\/eltunelcotillon.com\/minorista\/product\/banda-rectangular-acero-inoxidable-16x26cm-de-6cm-de-altura\/#primaryimage","url":"https:\/\/eltunelcotillon.com\/minorista\/wp-content\/uploads\/2026\/02\/cintura-rectangular.jpg","contentUrl":"https:\/\/eltunelcotillon.com\/minorista\/wp-content\/uploads\/2026\/02\/cintura-rectangular.jpg","width":1200,"height":800},{"@type":"BreadcrumbList","@id":"https:\/\/eltunelcotillon.com\/minorista\/product\/banda-rectangular-acero-inoxidable-16x26cm-de-6cm-de-altura\/#breadcrumb","itemListElement":[{"@type":"ListItem","position":1,"name":"Inicio","item":"https:\/\/eltunelcotillon.com\/minorista\/"},{"@type":"ListItem","position":2,"name":"Tienda","item":"https:\/\/eltunelcotillon.com\/minorista\/tienda\/"},{"@type":"ListItem","position":3,"name":"Banda Rectangular acero inoxidable 16x26cm de 6cm de altura"}]},{"@type":"WebSite","@id":"https:\/\/eltunelcotillon.com\/minorista\/#website","url":"https:\/\/eltunelcotillon.com\/minorista\/","name":"El T\u00fanel Cotill\u00f3n","description":"Cotill\u00f3n, Reposter\u00eda, Espumas de Carnaval, Chocolater\u00eda | Ventas mayoristas y minoristas","publisher":{"@id":"https:\/\/eltunelcotillon.com\/minorista\/#organization"},"potentialAction":[{"@type":"SearchAction","target":{"@type":"EntryPoint","urlTemplate":"https:\/\/eltunelcotillon.com\/minorista\/?s={search_term_string}"},"query-input":{"@type":"PropertyValueSpecification","valueRequired":true,"valueName":"search_term_string"}}],"inLanguage":"es"},{"@type":"Organization","@id":"https:\/\/eltunelcotillon.com\/minorista\/#organization","name":"El T\u00fanel Cotill\u00f3n","url":"https:\/\/eltunelcotillon.com\/minorista\/","logo":{"@type":"ImageObject","inLanguage":"es","@id":"https:\/\/eltunelcotillon.com\/minorista\/#\/schema\/logo\/image\/","url":"https:\/\/eltunelcotillon.com\/minorista\/wp-content\/uploads\/2026\/02\/el_t_nel_cotill_n_logo-1-e1768837235605.webp","contentUrl":"https:\/\/eltunelcotillon.com\/minorista\/wp-content\/uploads\/2026\/02\/el_t_nel_cotill_n_logo-1-e1768837235605.webp","width":593,"height":383,"caption":"El T\u00fanel Cotill\u00f3n"},"image":{"@id":"https:\/\/eltunelcotillon.com\/minorista\/#\/schema\/logo\/image\/"},"sameAs":["https:\/\/www.facebook.com\/cotilloneltunel\/","https:\/\/www.instagram.com\/cotilloneltunel1\/"]}]}},"_links":{"self":[{"href":"https:\/\/eltunelcotillon.com\/minorista\/wp-json\/wp\/v2\/product\/38033","targetHints":{"allow":["GET"]}}],"collection":[{"href":"https:\/\/eltunelcotillon.com\/minorista\/wp-json\/wp\/v2\/product"}],"about":[{"href":"https:\/\/eltunelcotillon.com\/minorista\/wp-json\/wp\/v2\/types\/product"}],"wp:featuredmedia":[{"embeddable":true,"href":"https:\/\/eltunelcotillon.com\/minorista\/wp-json\/wp\/v2\/media\/38055"}],"wp:attachment":[{"href":"https:\/\/eltunelcotillon.com\/minorista\/wp-json\/wp\/v2\/media?parent=38033"}],"wp:term":[{"taxonomy":"product_brand","embeddable":true,"href":"https:\/\/eltunelcotillon.com\/minorista\/wp-json\/wp\/v2\/product_brand?post=38033"},{"taxonomy":"product_cat","embeddable":true,"href":"https:\/\/eltunelcotillon.com\/minorista\/wp-json\/wp\/v2\/product_cat?post=38033"},{"taxonomy":"product_tag","embeddable":true,"href":"https:\/\/eltunelcotillon.com\/minorista\/wp-json\/wp\/v2\/product_tag?post=38033"}],"curies":[{"name":"wp","href":"https:\/\/api.w.org\/{rel}","templated":true}]}}